{"id":19,"date":"2012-05-07T15:35:36","date_gmt":"2012-05-07T13:35:36","guid":{"rendered":"http:\/\/xtream.be\/blog\/?page_id=19"},"modified":"2023-05-04T09:37:16","modified_gmt":"2023-05-04T07:37:16","slug":"bookmarks","status":"publish","type":"page","link":"https:\/\/xtream.be\/blog\/bookmarks\/","title":{"rendered":"Bookmarks"},"content":{"rendered":"\n<div class=\"wp-block-columns is-layout-flex wp-container-core-columns-is-layout-9d6595d7 wp-block-columns-is-layout-flex\">\n<div class=\"wp-block-column is-layout-flow wp-block-column-is-layout-flow\">\n<h4 class=\"wp-block-heading\">Rechercher<\/h4>\n\n\n\n<form id=\"searchForm\" name=\"searchForm\" target=\"_blank\" method=\"get\" action=\"#\">\n<input name=\"q\" style=\"width: 25em;\" autofocus=\"true\" type=\"search\" id=\"xtrSearchField\">&nbsp;<input type=\"submit\" value=\"Google Web\" onclick=\"javascript:searchWeb();\" class=\"searchButton\">&nbsp;<input type=\"button\" onclick=\"javascript:searchImages();\" value=\"Google Images\" class=\"searchButton\">&nbsp;<input type=\"button\" onclick=\"javascript:searchImdb();\" value=\"Imdb\" class=\"searchButton\">&nbsp;<input type=\"button\" value=\"Youtube\" onclick=\"javascript:searchYoutube();\" class=\"searchButton\">\n<\/form>\n\n\n\n<div class=\"wp-block-group\"><div class=\"wp-block-group__inner-container is-layout-flow wp-block-group-is-layout-flow\"><\/div><\/div>\n\n\n\n<h4 class=\"wp-block-heading\">Encyclop\u00e9dies g\u00e9n\u00e9ralistes ou sp\u00e9cialis\u00e9es, Dictionnaires, Traductions<\/h4>\n\n\n\n<p>\n    <a href=\"http:\/\/fr.wikipedia.org\/\" target=\"_blank\" rel=\"noopener noreferrer\"><img loading=\"lazy\" decoding=\"async\" style=\"vertical-align: middle;\" title=\"Wikipedia : Une encyclop\u00e9die libre et gratuite\" src=\"\/images\/bookmark\/wikipedia.png\" alt=\"\" width=\"112\" height=\"27\"><\/a>\n    &nbsp;\n    <a href=\"http:\/\/fr.wiktionary.org\/\" target=\"_blank\" rel=\"noopener noreferrer\"><img loading=\"lazy\" decoding=\"async\" style=\"vertical-align: middle;\" title=\"Wiktionary : Un dictionnaire multilingue et th\u00e9saurus\" src=\"\/images\/bookmark\/wiktionary.png\" alt=\"\" width=\"112\" height=\"27\"><\/a> \n    &nbsp;\n    <a href=\"http:\/\/fr.wikibooks.org\/\" target=\"_blank\" rel=\"noopener noreferrer\"><img loading=\"lazy\" decoding=\"async\" style=\"vertical-align: middle;\" title=\"Wikibooks : Des ouvrages p\u00e9dagogiques gratuits\" src=\"\/images\/bookmark\/wikibooks.png\" alt=\"\" width=\"112\" height=\"27\"><\/a>\n    &nbsp;\n    <a href=\"http:\/\/commons.wikimedia.org\/wiki\/Accueil\" target=\"_blank\" rel=\"noopener noreferrer\"><img loading=\"lazy\" decoding=\"async\" style=\"vertical-align: middle;\" title=\"Wikimedia : Une banque de donn\u00e9es multim\u00e9dia\" src=\"\/images\/bookmark\/wikimedia.png\" alt=\"\" width=\"112\" height=\"27\"><\/a>\n    &nbsp;\n    <a href=\"https:\/\/www.deepl.com\/fr\/translator\" target=\"_blank\" rel=\"noopener noreferrer\"><img loading=\"lazy\" decoding=\"async\" style=\"vertical-align: middle;\" title=\"DeepL entra\u00eene l'intelligence artificielle pour comprendre et traduire des texte\" src=\"\/images\/bookmark\/deepl.png\" alt=\"\" width=\"85\" height=\"27\"><\/a>\n    &nbsp;\n    <a href=\"http:\/\/www.imdb.com\/\" target=\"_blank\" rel=\"noopener noreferrer\"><img loading=\"lazy\" decoding=\"async\" style=\"vertical-align: middle;\" title=\"Internet Movies Database - tout ce que vous voulez savoir sur un film...\" src=\"\/images\/bookmark\/IMDB.gif\" alt=\"\" width=\"55\" height=\"27\"><\/a>\n    &nbsp;\n    <a href=\"http:\/\/www.discogs.com\/\" target=\"_blank\" rel=\"noopener noreferrer\"><img loading=\"lazy\" decoding=\"async\" style=\"vertical-align: middle;\" title=\"Internet Music Database - tout ce que vous voulez savoir sur un CD, artiste, label...\" src=\"\/images\/bookmark\/Discogs.gif\" alt=\"\" width=\"55\" height=\"27\"><\/a>\n<\/p>\n\n\n\n<h4 class=\"wp-block-heading\">Sites utilitaires (Annuaire, itin\u00e9raires, horaires de cin\u00e9\u2026)<\/h4>\n\n\n\n<p>\n    <a href=\"http:\/\/www.pagesjaunes.fr\/\" target=\"_blank\" rel=\"noopener noreferrer\"><img loading=\"lazy\" decoding=\"async\" style=\"vertical-align: middle;\" title=\"Les pages jaunes et blanches\" src=\"\/images\/bookmark\/pagesjaunes.gif\" alt=\"\" width=\"134\" height=\"27\"><\/a>\n    &nbsp;\n    <a href=\"http:\/\/www.mappy.fr\" target=\"_blank\" rel=\"noopener noreferrer\"><img loading=\"lazy\" decoding=\"async\" style=\"vertical-align: middle;\" title=\"Mappy : Plans et Itin\u00e9raires\" src=\"\/images\/bookmark\/mappy.png\" alt=\"\" width=\"106\" height=\"27\"><\/a>\n    &nbsp;\n    <a href=\"http:\/\/www.viamichelin.fr\" target=\"_blank\" rel=\"noopener noreferrer\"><img loading=\"lazy\" decoding=\"async\" style=\"vertical-align: middle;\" title=\"ViaMichelin - Itin\u00e9raires et plans\" src=\"\/images\/bookmark\/michelin.png\" alt=\"\" width=\"126\" height=\"27\"><\/a>\n    &nbsp;\n    <a href=\"http:\/\/maps.google.com\/\" target=\"_blank\" rel=\"noopener noreferrer\"><img loading=\"lazy\" decoding=\"async\" style=\"vertical-align: middle;\" title=\"Google map : Plans et Itin\u00e9raires\" src=\"\/images\/bookmark\/google-map.png\" alt=\"\" width=\"138\" height=\"27\"><\/a>\n    &nbsp;\n    <a href=\"https:\/\/www.ugc.fr\/cinema.html?id=27\" target=\"_blank\" rel=\"noopener noreferrer\"><img loading=\"lazy\" decoding=\"async\" style=\"vertical-align: middle;\" src=\"\/images\/bookmark\/UGC.gif\" alt=\"\" width=\"55\" height=\"27\"><\/a>\n    &nbsp;\n    <a href=\"https:\/\/www.cinemaspathegaumont.com\/cinemas\/cinema-pathe-les-rives-de-l-orne\" target=\"_blank\" rel=\"noopener noreferrer\"><img loading=\"lazy\" decoding=\"async\" style=\"vertical-align: middle;\" src=\"\/images\/bookmark\/pathe.png\" alt=\"\" width=\"58\" height=\"27\"><\/a>\n<\/p>\n\n\n\n<h4 class=\"wp-block-heading\">Sites d&rsquo;informations g\u00e9n\u00e9ralistes ou sp\u00e9cialis\u00e9s \/ R\u00e9seaux sociaux<\/h4>\n\n\n\n<p>\n    <a href=\"http:\/\/www.nextinpact.com\" target=\"_blank\" rel=\"noopener noreferrer\"><img loading=\"lazy\" decoding=\"async\" style=\"vertical-align: middle;\" title=\"Next INpact : Le meilleur de l'actualit\u00e9 high-tech\" src=\"\/images\/bookmark\/NextINpact.png\" alt=\"\" width=\"208\" height=\"27\"><\/a>\n    &nbsp;\n    <a href=\"http:\/\/www.clubic.com\" target=\"_blank\" rel=\"noopener noreferrer\"><svg xmlns=\"http:\/\/www.w3.org\/2000\/svg\" style=\"vertical-align: middle;\" width=\"56\" height=\"27\" viewBox=\"0 0 100 48\"><g fill=\"none\" fill-rule=\"evenodd\"><path fill=\"#E53935\" d=\"M100 39.237a9.287 9.287 0 0 0-1-.053c-4.97 0-9 3.947-9 8.816H3a3 3 0 0 1-3-3V3a3 3 0 0 1 3-3h94a3 3 0 0 1 3 3v36.237z\"><\/path><path fill=\"#FFF\" d=\"M23.828 23.536v-3.8c0-.557-.279-.836-.836-.836h-.38c-.557 0-.836.279-.836.836v11.248c0 .557.279.836.836.836h.418c.557 0 .836-.279.836-.836V26.5h4.902v5.092c0 3.09-1.545 4.636-4.636 4.636h-2.736c-3.09 0-4.636-1.545-4.636-4.636V19.128c0-3.09 1.545-4.636 4.636-4.636h2.698c3.09 0 4.636 1.545 4.636 4.636v4.408h-4.902zM30.318 36V9.02h5.016V36h-5.016zm18.84-21.28V36h-4.94v-1.406c-1.268 1.09-2.484 1.634-3.649 1.634h-.38c-2.128 0-3.192-1.153-3.192-3.458V14.72h5.016v16.264c0 .557.33.836.988.836.355 0 .735-.076 1.14-.228V14.72h5.016zM50.82 36V9.02h5.016v7.182c1.266-1.14 2.482-1.71 3.648-1.71h.076c1.114 0 1.976.317 2.584.95.608.633.912 1.545.912 2.736v14.364c0 1.19-.304 2.103-.912 2.736-.608.633-1.47.95-2.584.95h-.076c-1.242 0-2.483-.494-3.724-1.482V36h-4.94zm5.016-16.872v12.464c.405.152.81.228 1.216.228.658 0 .988-.279.988-.836V19.736c0-.557-.33-.836-.988-.836-.406 0-.811.076-1.216.228zm8.77-5.738V9.02h5.167v4.37h-5.168zM64.681 36V14.72h5.016V36h-5.016zm13.71-12.464v-3.8c0-.557-.279-.836-.836-.836h-.38c-.558 0-.836.279-.836.836v11.248c0 .557.278.836.836.836h.418c.557 0 .836-.279.836-.836V26.5h4.902v5.092c0 3.09-1.546 4.636-4.636 4.636H75.96c-3.09 0-4.636-1.545-4.636-4.636V19.128c0-3.09 1.545-4.636 4.636-4.636h2.698c3.09 0 4.636 1.545 4.636 4.636v4.408h-4.902z\"><\/path><\/g><\/svg><\/a>\n    &nbsp;\n    <a href=\"https:\/\/forum.hardware.fr\" target=\"_blank\" rel=\"noopener noreferrer\"><img loading=\"lazy\" decoding=\"async\" style=\"vertical-align: middle;\" title=\"Forum Hardware\" src=\"\/images\/bookmark\/hardware.png\" alt=\"\" width=\"231\" height=\"27\"><\/a>\n    &nbsp;\n    <a href=\"http:\/\/www.facebook.com\" target=\"_blank\" rel=\"noopener noreferrer\"><img loading=\"lazy\" decoding=\"async\" style=\"vertical-align: middle;\" title=\"facebook\" src=\"\/images\/bookmark\/facebook.gif\" alt=\"\" width=\"84\" height=\"27\"><\/a>\n<\/p>\n\n\n\n<h4 class=\"wp-block-heading\">Musiques et vid\u00e9os en ligne\u2026<\/h4>\n\n\n\n<p>\n    <a href=\"http:\/\/www.deezer.com\/\" target=\"_blank\" rel=\"noopener noreferrer\"> <img loading=\"lazy\" decoding=\"async\" style=\"vertical-align: middle;\" title=\"Deezer - Musique a la demande\" src=\"\/images\/bookmark\/deezer.png\" alt=\"\" width=\"133\" height=\"27\"><\/a> \n    &nbsp; \n    <a href=\"http:\/\/www.youtube.com\/\" target=\"_blank\" rel=\"noopener noreferrer\"> <img loading=\"lazy\" decoding=\"async\" style=\"vertical-align: middle;\" title=\"YouTube - broadcast yourself...\" src=\"\/images\/bookmark\/youtube.png\" alt=\"\" width=\"84\" height=\"27\"><\/a> \n    &nbsp; \n    <a href=\"http:\/\/www.dailymotion.com\/fr\" target=\"_blank\" rel=\"noopener noreferrer\"> <img loading=\"lazy\" decoding=\"async\" style=\"vertical-align: middle;\" title=\"Dailymotion France\" src=\"\/images\/bookmark\/dailymotion.png\" alt=\"\" width=\"100\" height=\"27\"><\/a> \n    &nbsp; \n    <a href=\"http:\/\/www.allocine.fr\/\" target=\"_blank\" rel=\"noopener noreferrer\"><img loading=\"lazy\" decoding=\"async\" style=\"vertical-align: middle;\" src=\"\/images\/bookmark\/allocine.png\" alt=\"\" width=\"125\" height=\"27\"><\/a> \n    &nbsp; \n    <a href=\"http:\/\/www.ultimate-guitar.com\/\" target=\"_blank\" rel=\"noopener noreferrer\"> <img loading=\"lazy\" decoding=\"async\" style=\"vertical-align: middle;\" title=\"Ultimate Guitar - tablatures...\" src=\"\/images\/bookmark\/ultimateguitar.png\" alt=\"\" width=\"66\" height=\"27\"><\/a> \n    &nbsp; \n    <a href=\"http:\/\/fr.line6.com\/\" target=\"_blank\" rel=\"noopener noreferrer\"> <img loading=\"lazy\" decoding=\"async\" style=\"vertical-align: middle;\" title=\"Line 6 - the POD creator...\" src=\"\/images\/bookmark\/Line6.png\" alt=\"\" width=\"136\" height=\"27\"><\/a> \n    &nbsp; \n    <a href=\"http:\/\/fr.audiofanzine.com\/\" target=\"_blank\" rel=\"noopener noreferrer\"> <img loading=\"lazy\" decoding=\"async\" style=\"vertical-align: middle;\" title=\"Audio Fanzine - le Webzine des musiciens et amoureux du son...\" src=\"\/images\/bookmark\/audiofanzine.png\" alt=\"\" width=\"138\" height=\"27\"><\/a>\n<\/p>\n\n\n\n<h4 class=\"wp-block-heading\">Vie quotidienne<\/h4>\n\n\n\n<p>\n    <a href=\"https:\/\/www.amundi-ee.com\" target=\"_blank\" rel=\"noopener noreferrer\"><img loading=\"lazy\" decoding=\"async\" style=\"vertical-align: middle;\" title=\"Amundi - \u00e9pargne salariale\" src=\"\/images\/bookmark\/amundi.png\" alt=\"\" width=\"80\" height=\"27\"><\/a> \n    &nbsp; \n    <a href=\"https:\/\/www.labanquepostale.fr\" target=\"_blank\" rel=\"noopener noreferrer\"><img loading=\"lazy\" decoding=\"async\" style=\"vertical-align: middle;\" title=\"La Banque Postale\" src=\"\/images\/bookmark\/LaBanquePostale.gif\" alt=\"\" width=\"85\" height=\"27\"><\/a>\n    &nbsp;\n    <a href=\"https:\/\/secure.digiposte.fr\/identification-plus\" target=\"_blank\" rel=\"noopener noreferrer\"><img loading=\"lazy\" decoding=\"async\" style=\"vertical-align: middle;\" title=\"Digiposte\" src=\"\/images\/bookmark\/digiposte.png\" width=\"79\" height=\"27\"><\/a>\n    &nbsp;\n    <a href=\"https:\/\/www.totalenergies.fr\/clients\/connexion\" target=\"_blank\" rel=\"noopener noreferrer\"><img loading=\"lazy\" decoding=\"async\" style=\"vertical-align: middle;\" title=\"TotalEnergies\" src=\"\/images\/bookmark\/totalenergies.png\" width=\"181\" height=\"27\"><\/a>\n<\/p>\n\n\n\n<h4 class=\"wp-block-heading\">D\u00e9veloppement \/ H\u00e9bergement \/ Webmail<\/h4>\n\n\n\n<p>\n    <a href=\"https:\/\/github.com\/\" target=\"_blank\" rel=\"noopener noreferrer\"><img loading=\"lazy\" decoding=\"async\" style=\"vertical-align: middle;\" title=\"GitHub - How people build software\" src=\"\/images\/bookmark\/github.jpg\" width=\"99\" height=\"27\"><\/a>\n    &nbsp;\n    <a href=\"http:\/\/www.codeproject.com\/\" target=\"_blank\" rel=\"noopener noreferrer\"><img loading=\"lazy\" decoding=\"async\" style=\"vertical-align: middle;\" title=\"The Code Project - Your Visual Studio and .NET ressource...\" src=\"\/images\/bookmark\/TheCodeProject.gif\" alt=\"\" width=\"73\" height=\"27\"><\/a> \n    &nbsp;\n    <a href=\"http:\/\/www.developpez.com\/\" target=\"_blank\" rel=\"noopener noreferrer\"> <img loading=\"lazy\" decoding=\"async\" style=\"vertical-align: middle;\" title=\"Developpez.com - Club des d\u00e9veloppeurs...\" src=\"\/images\/bookmark\/developpez.com.gif\" alt=\"\" width=\"99\" height=\"27\"><\/a> \n    &nbsp; \n    <a href=\"https:\/\/mail.ovh.net\/fr\/\" target=\"_blank\" rel=\"noopener noreferrer\"><img loading=\"lazy\" decoding=\"async\" style=\"vertical-align: middle;\" title=\"Webmail OVH\" src=\"\/images\/bookmark\/ovh.png\" width=\"150\" height=\"27\"><\/a> \n    &nbsp; \n    <a href=\"https:\/\/mail.yahoo.com\" target=\"_blank\" rel=\"noopener noreferrer\"><img loading=\"lazy\" decoding=\"async\" style=\"vertical-align: middle;\" title=\"Yahoo mail\" src=\"\/images\/bookmark\/yahoo-mail.png\" width=\"141\" height=\"27\"><\/a> \n    &nbsp; \n    <a href=\"https:\/\/outlook.live.com\/\" target=\"_blank\" rel=\"noopener noreferrer\"><img loading=\"lazy\" decoding=\"async\" style=\"vertical-align: middle;\" title=\"Outlook mail\" src=\"\/images\/bookmark\/outlook.png\" width=\"80\" height=\"27\"><\/a> \n<\/p>\n\n\n\n<h4 class=\"wp-block-heading\">Sites marchands\u2026<\/h4>\n\n\n\n<p>\n    <a href=\"http:\/\/www.amazon.fr\" target=\"_blank\" rel=\"noopener noreferrer\"><img loading=\"lazy\" decoding=\"async\" style=\"vertical-align: middle;\" title=\"Amazon - boutique en ligne\" src=\"\/images\/bookmark\/amazon.png\" alt=\"\" width=\"79\" height=\"27\"><\/a> \n    &nbsp; \n    <a href=\"http:\/\/www.ebay.fr\" target=\"_blank\" rel=\"noopener noreferrer\"><img loading=\"lazy\" decoding=\"async\" style=\"vertical-align: middle;\" title=\"EBay - achat\/vente d'occasion\" src=\"\/images\/bookmark\/ebay.png\" alt=\"\" width=\"65\" height=\"27\"><\/a> \n    &nbsp; \n    <a href=\"http:\/\/www.generation-net.com\" target=\"_blank\" rel=\"noopener noreferrer\"><img loading=\"lazy\" decoding=\"async\" style=\"vertical-align: middle;\" title=\"G\u00e9n\u00e9ration Net : assembleur PC sur Caen\" src=\"\/images\/bookmark\/gnet.png\" alt=\"\" width=\"104\" height=\"27\"><\/a> \n    &nbsp; \n    <a href=\"http:\/\/www.topachat.com\/accueil\/index.php\" target=\"_blank\" rel=\"noopener noreferrer\"><img loading=\"lazy\" decoding=\"async\" style=\"vertical-align: middle;\" title=\"Top Achat - Vendeur en informatique\" src=\"\/images\/bookmark\/topachat.png\" alt=\"\" width=\"170\" height=\"27\"><\/a> \n    &nbsp; \n    <a href=\"http:\/\/www.materiel.net\" target=\"_blank\" rel=\"noopener noreferrer\"><img loading=\"lazy\" decoding=\"async\" style=\"vertical-align: middle;\" title=\"Materiel.NET - votre sp\u00e9cialiste hightech\" src=\"\/images\/bookmark\/material-net.gif\" alt=\"\" width=\"100\" height=\"27\"><\/a>\n<\/p>\n<\/div>\n\n\n\n<div class=\"wp-block-column is-layout-flow wp-block-column-is-layout-flow\">\n<h4 class=\"wp-block-heading\">Actualit\u00e9s informatiques<\/h4>\n\n\n\n<p><\/p>\n<p><\/p>\n<div class=\"wpra-display align\" data-display-id=\"1\" hx-target=\"this\" hx-swap=\"outerHTML\">    <div class=\"wp-rss-aggregator wpra-list-template \">\n        <ul class=\"rss-aggregator wpra-item-list wpra-item-list--bullets wpra-item-list--default\" start=\"1\">\n                <li class=\"wpra-item feed-item \">\n        <a href=\"https:\/\/www.generation-nt.com\/actualites\/clothoff-ia-deepfake-italie-blocage-rgpd-2063696\" class=\"\" target=\"_blank\" rel=\"noopener noreferrer nofollow\" style=\"\">L'Italie bloque ClothOff, l'application IA qui d\u00e9shabille les photos<\/a>\n\n        <div class=\"wprss-feed-meta\">\n                <span class=\"feed-source\">\n        Source: <a href=\"http:\/\/www.generation-nt.com\/export\/rss.xml\" class=\"\" target=\"_blank\" rel=\"noopener noreferrer nofollow\" style=\"\">GNT - actualit\u00e9s<\/a>\n    <\/span>\n                <span class=\"feed-date\">\n        Published on: 2025-10-07\n    <\/span>\n            \n        <\/div>\n\n        \n    <\/li>    <li class=\"wpra-item feed-item \">\n        <a href=\"https:\/\/www.generation-nt.com\/actualites\/waze-conversational-reporting-signalement-vocal-ia-gemini-2063684\" class=\"\" target=\"_blank\" rel=\"noopener noreferrer nofollow\" style=\"\">Waze n'a pas oubli\u00e9 le Conversational Reporting<\/a>\n\n        <div class=\"wprss-feed-meta\">\n                <span class=\"feed-source\">\n        Source: <a href=\"http:\/\/www.generation-nt.com\/export\/rss.xml\" class=\"\" target=\"_blank\" rel=\"noopener noreferrer nofollow\" style=\"\">GNT - actualit\u00e9s<\/a>\n    <\/span>\n                <span class=\"feed-date\">\n        Published on: 2025-10-07\n    <\/span>\n            \n        <\/div>\n\n        \n    <\/li>    <li class=\"wpra-item feed-item \">\n        <a href=\"https:\/\/www.generation-nt.com\/actualites\/pc-portable-asus-rog-gaming-gamer-strix-g16-vivobook-go-15-zenbook-a14-oled-copilot-promo-pas-cher-amazon-2063699\" class=\"\" target=\"_blank\" rel=\"noopener noreferrer nofollow\" style=\"\">Jours Flash Prime : ASUS casse les prix sur ses ordinateurs portables et gaming ROG<\/a>\n\n        <div class=\"wprss-feed-meta\">\n                <span class=\"feed-source\">\n        Source: <a href=\"http:\/\/www.generation-nt.com\/export\/rss.xml\" class=\"\" target=\"_blank\" rel=\"noopener noreferrer nofollow\" style=\"\">GNT - actualit\u00e9s<\/a>\n    <\/span>\n                <span class=\"feed-date\">\n        Published on: 2025-10-07\n    <\/span>\n            \n        <\/div>\n\n        \n    <\/li>    <li class=\"wpra-item feed-item \">\n        <a href=\"https:\/\/www.generation-nt.com\/actualites\/minecraft-craftgpt-ia-redstone-sammyuri-2063643\" class=\"\" target=\"_blank\" rel=\"noopener noreferrer nofollow\" style=\"\">Un joueur recr\u00e9e ChatGPT dans Minecraft avec 439 millions de blocs<\/a>\n\n        <div class=\"wprss-feed-meta\">\n                <span class=\"feed-source\">\n        Source: <a href=\"http:\/\/www.generation-nt.com\/export\/rss.xml\" class=\"\" target=\"_blank\" rel=\"noopener noreferrer nofollow\" style=\"\">GNT - actualit\u00e9s<\/a>\n    <\/span>\n                <span class=\"feed-date\">\n        Published on: 2025-10-07\n    <\/span>\n            \n        <\/div>\n\n        \n    <\/li>    <li class=\"wpra-item feed-item \">\n        <a href=\"https:\/\/www.generation-nt.com\/actualites\/adobe-acrobat-online-editer-pdf-sans-telecharger-logiciel-2063704\" class=\"\" target=\"_blank\" rel=\"noopener noreferrer nofollow\" style=\"\">Adobe Acrobat Online : peut-on vraiment \u00e9diter des PDF sans t\u00e9l\u00e9charger le logiciel ?<\/a>\n\n        <div class=\"wprss-feed-meta\">\n                <span class=\"feed-source\">\n        Source: <a href=\"http:\/\/www.generation-nt.com\/export\/rss.xml\" class=\"\" target=\"_blank\" rel=\"noopener noreferrer nofollow\" style=\"\">GNT - actualit\u00e9s<\/a>\n    <\/span>\n                <span class=\"feed-date\">\n        Published on: 2025-10-07\n    <\/span>\n            \n        <\/div>\n\n        \n    <\/li>    <li class=\"wpra-item feed-item \">\n        <a href=\"https:\/\/www.generation-nt.com\/actualites\/windows-11-installation-compte-local-microsoft-contournement-2063659\" class=\"\" target=\"_blank\" rel=\"noopener noreferrer nofollow\" style=\"\">Windows 11\u00a0: Microsoft torpille encore le compte local<\/a>\n\n        <div class=\"wprss-feed-meta\">\n                <span class=\"feed-source\">\n        Source: <a href=\"http:\/\/www.generation-nt.com\/export\/rss.xml\" class=\"\" target=\"_blank\" rel=\"noopener noreferrer nofollow\" style=\"\">GNT - actualit\u00e9s<\/a>\n    <\/span>\n                <span class=\"feed-date\">\n        Published on: 2025-10-07\n    <\/span>\n            \n        <\/div>\n\n        \n    <\/li>    <li class=\"wpra-item feed-item \">\n        <a href=\"https:\/\/www.generation-nt.com\/actualites\/apple-airtag-promotion-amazon-prime-day-2063688\" class=\"\" target=\"_blank\" rel=\"noopener noreferrer nofollow\" style=\"\">Prime Day : le pack de 4 AirTags d'Apple est \u00e0 un prix jamais vu<\/a>\n\n        <div class=\"wprss-feed-meta\">\n                <span class=\"feed-source\">\n        Source: <a href=\"http:\/\/www.generation-nt.com\/export\/rss.xml\" class=\"\" target=\"_blank\" rel=\"noopener noreferrer nofollow\" style=\"\">GNT - actualit\u00e9s<\/a>\n    <\/span>\n                <span class=\"feed-date\">\n        Published on: 2025-10-07\n    <\/span>\n            \n        <\/div>\n\n        \n    <\/li>    <li class=\"wpra-item feed-item \">\n        <a href=\"https:\/\/spring.io\/blog\/2025\/10\/03\/spring-cloud-2025-1-0-M3-aka-oakwood-has-been-released\" class=\"\" target=\"_blank\" rel=\"noopener noreferrer nofollow\" style=\"\">Spring Cloud 2025.1.0-M3 (aka Oakwood) has been released<\/a>\n\n        <div class=\"wprss-feed-meta\">\n                <span class=\"feed-source\">\n        Source: <a href=\"https:\/\/spring.io\/blog\/category\/releases.atom\" class=\"\" target=\"_blank\" rel=\"noopener noreferrer nofollow\" style=\"\">Spring boot release<\/a>\n    <\/span>\n                <span class=\"feed-date\">\n        Published on: 2025-10-03\n    <\/span>\n            \n        <\/div>\n\n        \n    <\/li>    <li class=\"wpra-item feed-item \">\n        <a href=\"https:\/\/quarkus.io\/blog\/mandrel-25-released\/\" class=\"\" target=\"_blank\" rel=\"noopener noreferrer nofollow\" style=\"\">Mandrel 25 is Here!<\/a>\n\n        <div class=\"wprss-feed-meta\">\n                <span class=\"feed-source\">\n        Source: <a href=\"https:\/\/quarkus.io\/feed.xml\" class=\"\" target=\"_blank\" rel=\"noopener noreferrer nofollow\" style=\"\">Quarkus Blog<\/a>\n    <\/span>\n                <span class=\"feed-date\">\n        Published on: 2025-10-02\n    <\/span>\n            \n        <\/div>\n\n        \n    <\/li>    <li class=\"wpra-item feed-item \">\n        <a href=\"https:\/\/spring.io\/blog\/2025\/10\/01\/spring-ai-1-0-3-available-now\" class=\"\" target=\"_blank\" rel=\"noopener noreferrer nofollow\" style=\"\">Spring AI 1.0.3 Available Now<\/a>\n\n        <div class=\"wprss-feed-meta\">\n                <span class=\"feed-source\">\n        Source: <a href=\"https:\/\/spring.io\/blog\/category\/releases.atom\" class=\"\" target=\"_blank\" rel=\"noopener noreferrer nofollow\" style=\"\">Spring boot release<\/a>\n    <\/span>\n                <span class=\"feed-date\">\n        Published on: 2025-10-01\n    <\/span>\n            \n        <\/div>\n\n        \n    <\/li>    <li class=\"wpra-item feed-item \">\n        <a href=\"https:\/\/quarkus.io\/blog\/quarkus-3-28-2-released\/\" class=\"\" target=\"_blank\" rel=\"noopener noreferrer nofollow\" style=\"\">Quarkus 3.28.2 - Maintenance release<\/a>\n\n        <div class=\"wprss-feed-meta\">\n                <span class=\"feed-source\">\n        Source: <a href=\"https:\/\/quarkus.io\/feed.xml\" class=\"\" target=\"_blank\" rel=\"noopener noreferrer nofollow\" style=\"\">Quarkus Blog<\/a>\n    <\/span>\n                <span class=\"feed-date\">\n        Published on: 2025-10-01\n    <\/span>\n            \n        <\/div>\n\n        \n    <\/li>    <li class=\"wpra-item feed-item \">\n        <a href=\"https:\/\/quarkus.io\/blog\/secure-mcp-oidc-proxy\/\" class=\"\" target=\"_blank\" rel=\"noopener noreferrer nofollow\" style=\"\">Use Quarkus OIDC Proxy to encrypt Quarkus MCP Server tokens<\/a>\n\n        <div class=\"wprss-feed-meta\">\n                <span class=\"feed-source\">\n        Source: <a href=\"https:\/\/quarkus.io\/feed.xml\" class=\"\" target=\"_blank\" rel=\"noopener noreferrer nofollow\" style=\"\">Quarkus Blog<\/a>\n    <\/span>\n                <span class=\"feed-date\">\n        Published on: 2025-10-01\n    <\/span>\n            \n        <\/div>\n\n        \n    <\/li>\n        <\/ul>\n    <\/div> <\/div>\n<\/div>\n<\/div>\n","protected":false},"excerpt":{"rendered":"<div class=\"entry-summary\">\nRechercher &nbsp;&nbsp;&nbsp;&nbsp; Encyclop\u00e9dies g\u00e9n\u00e9ralistes ou sp\u00e9cialis\u00e9es, Dictionnaires, Traductions &nbsp; &nbsp; &nbsp; &nbsp;&hellip;\n<\/div>\n<div class=\"link-more\"><a href=\"https:\/\/xtream.be\/blog\/bookmarks\/\" class=\"more-link\">Continue reading<span class=\"screen-reader-text\"> &ldquo;Bookmarks&rdquo;<\/span>&hellip;<\/a><\/div>\n","protected":false},"author":1,"featured_media":0,"parent":0,"menu_order":0,"comment_status":"closed","ping_status":"closed","template":"page-template\/_fullwidth.php","meta":{"footnotes":""},"class_list":["post-19","page","type-page","status-publish","hentry","entry"],"_links":{"self":[{"href":"https:\/\/xtream.be\/blog\/wp-json\/wp\/v2\/pages\/19","targetHints":{"allow":["GET"]}}],"collection":[{"href":"https:\/\/xtream.be\/blog\/wp-json\/wp\/v2\/pages"}],"about":[{"href":"https:\/\/xtream.be\/blog\/wp-json\/wp\/v2\/types\/page"}],"author":[{"embeddable":true,"href":"https:\/\/xtream.be\/blog\/wp-json\/wp\/v2\/users\/1"}],"replies":[{"embeddable":true,"href":"https:\/\/xtream.be\/blog\/wp-json\/wp\/v2\/comments?post=19"}],"version-history":[{"count":158,"href":"https:\/\/xtream.be\/blog\/wp-json\/wp\/v2\/pages\/19\/revisions"}],"predecessor-version":[{"id":18832,"href":"https:\/\/xtream.be\/blog\/wp-json\/wp\/v2\/pages\/19\/revisions\/18832"}],"wp:attachment":[{"href":"https:\/\/xtream.be\/blog\/wp-json\/wp\/v2\/media?parent=19"}],"curies":[{"name":"wp","href":"https:\/\/api.w.org\/{rel}","templated":true}]}}