{"id":200,"date":"1998-06-01T00:09:33","date_gmt":"1998-05-31T23:09:33","guid":{"rendered":"http:\/\/xtream.be\/blog\/?page_id=200"},"modified":"2020-05-08T11:37:16","modified_gmt":"2020-05-08T09:37:16","slug":"album-xtream-juin-1998","status":"publish","type":"page","link":"https:\/\/xtream.be\/blog\/album-xtream-juin-1998\/","title":{"rendered":"Album : &lsquo;Xtream&rsquo; \u00a9 juin 1998"},"content":{"rendered":"\n<p>J&rsquo;ai sorti en 1998 un premier album regroupant quelques titres compos\u00e9s entre 1988 et 1998 (en fait, j&rsquo;ai presque commenc\u00e9 par un Best-of \ud83d\ude42 ). Les musiques pr\u00e9sentent sur ce premier album sont pour la plupart des musiques de jeux vid\u00e9o. J&rsquo;ai sorti une version CD \u00ab\u00a0auto produite\u00a0\u00bb avec un tirage num\u00e9rot\u00e9 et limit\u00e9 \u00e0 50 exemplaires.<\/p>\n\n\n\n<ul class=\"wp-block-list\"><li>Les musiques \u00ab\u00a0Transe-Mission\u00a0\u00bb, \u00ab\u00a0Simplicity\u00a0\u00bb, \u00ab\u00a0Tunel of Love\u00a0\u00bb, \u00ab\u00a0Spring\u00a0\u00bb et \u00ab\u00a0Tech Now\u00a0\u00bb ont \u00e9t\u00e9 utilis\u00e9es dans le jeu \u00ab\u00a0TecknoBall\u00a0\u00bb sur Atari Falcon. <\/li><li>\u00ab\u00a0Dreamland\u00a0\u00bb est la musique sur jeu \u00ab\u00a0Parano\u00efa\u00a0\u00bb sur Atari ST. <\/li><li>\u00ab\u00a0X-Dream\u00a0\u00bb est la musique du jeu \u00ab\u00a0Xtream JawBreaker\u00a0\u00bb sur PC. <\/li><li>\u00ab\u00a0Ishido\u00a0\u00bb est la musique du jeu du m\u00eame nom sur Atari ST.<\/li><\/ul>\n\n\n<article id=\"arbitrary-instance-69df5f4cedbc2\" class=\"iron_widget_radio playlist_enabled\"><div class=\"iron-audioplayer  show-playlist playlist_has_no_ctas skin_floated\" id=\"arbitrary-instance-69df5f4cedbc2-6971dc58a9\" data-id=\"arbitrary-instance-69df5f4cedbc2\" data-track-sw-cursor=\"\" data-lazyload=\"\" data-albums=\"1241\" data-category=\"\" data-url-playlist=\"https:\/\/xtream.be\/blog\/?load=playlist.json&#038;title=&#038;albums=1241&#038;category=&#038;posts_not_in=&#038;category_not_in=&#038;author=&#038;feed_title=&#038;feed=&#038;feed_img=&#038;el_widget_id=&#038;artwork=&#038;posts_per_pages=-1&#038;all_category=&#038;single_playlist=&#038;reverse_tracklist=&#038;audio_meta_field=&#038;repeater_meta_field=&#038;import_file=&#038;rss_items=-1&#038;rss_item_title=&#038;is_favorite=&#038;is_recentlyplayed=&#038;srp_order=date_DESC\" data-sticky-player=\"0\" data-shuffle=\"false\" data-playlist_title=\"\" data-scrollbar=\"\" data-wave-color=\"\" data-wave-progress-color=\"\" data-spectro=\"\" data-no-wave=\"0\" data-hide-progressbar=\"\" data-progress-bar-style=\"\"data-feedurl=\"0\" data-notrackskip=\"\" data-no-loop-tracklist=\"\" data-playertemplate =\"skin_float_tracklist\" data-hide-artwork =\"\" data-speedrate=\"1\"  data-tracks-per-page=\"\" data-pagination_scroll_offset=\"\" data-adaptive-colors=\"\" data-adaptive-colors-freeze=\"\" style=\"opacity:0;\"><div class=\"sonaar-grid\" ><div class=\"sonaar-Artwort-box \">\n                <div class=\"control\">\n                    \n                <\/div>\n                <div class=\"album\">\n                    <div class=\"album-art\">\n                        <img alt=\"album-art\">\n                    <\/div>\n                <\/div>\n                <\/div><div class=\"playlist sr_waveform_mediaElement\"  id=\"playlist_arbitrary-instance-69df5f4cedbc2\"><h3 class=\"sr_it-playlist-title\"><\/h3><div class=\"srp_subtitle\">by Fabrice Deshayes<\/div><div class=\"srp_tracklist\"><ul class=\"srp_list\"><li \n            class=\"sr-playlist-item\" \n            data-audiopath=\"https:\/\/xtream.be\/blog\/wp-content\/uploads\/2020\/04\/01.-Intro.mp3\"\n            data-showloading=\"1\"\n            data-albumTitle=\"Xtream\"\n            data-albumArt=\"https:\/\/xtream.be\/blog\/wp-content\/uploads\/2020\/05\/Xtream-Front-300dpi.jpg\"\n            data-releasedate=\"by Fabrice Deshayes\"\n            data-date=\"2020\/05\/08\"\n            data-date-formated=\"8 mai 2020\"\n            data-show-date=\"\"\n            data-trackTitle=\"Intro\"\n            data-artist=\"Fabrice Deshayes aka Xtream\"\n            data-trackID=\"1016\"\n            data-trackTime=\"0:06\"\n            data-relatedTrack=\"\"\n            data-post-url=\"\"\n            data-post-id=\"1241\"\n            data-track-pos=\"0\"\n            data-peakFile=\"https:\/\/xtream.be\/blog\/wp-content\/uploads\/audio_peaks\/1016.peak\"\n            data-peakFile-allow=\"1\"\n            data-is-preview=\"\"\n            data-track-lyric=\"\" data-icecast_json=\"\" data-icecast_mount=\"\"><div class=\"sr-playlist-item-flex\"><span class=\"store-list\"><\/span><\/div><div class=\"srp_track_description\"><\/div><\/li><li \n            class=\"sr-playlist-item\" \n            data-audiopath=\"https:\/\/xtream.be\/blog\/wp-content\/uploads\/2020\/04\/02.-Transe-Mission.mp3\"\n            data-showloading=\"1\"\n            data-albumTitle=\"Xtream\"\n            data-albumArt=\"https:\/\/xtream.be\/blog\/wp-content\/uploads\/2020\/05\/Xtream-Front-300dpi.jpg\"\n            data-releasedate=\"by Fabrice Deshayes\"\n            data-date=\"2020\/05\/08\"\n            data-date-formated=\"8 mai 2020\"\n            data-show-date=\"\"\n            data-trackTitle=\"Transe Mission\"\n            data-artist=\"Fabrice Deshayes aka Xtream\"\n            data-trackID=\"1018\"\n            data-trackTime=\"2:35\"\n            data-relatedTrack=\"\"\n            data-post-url=\"\"\n            data-post-id=\"1241\"\n            data-track-pos=\"1\"\n            data-peakFile=\"https:\/\/xtream.be\/blog\/wp-content\/uploads\/audio_peaks\/1018.peak\"\n            data-peakFile-allow=\"1\"\n            data-is-preview=\"\"\n            data-track-lyric=\"\" data-icecast_json=\"\" data-icecast_mount=\"\"><div class=\"sr-playlist-item-flex\"><span class=\"store-list\"><\/span><\/div><div class=\"srp_track_description\"><\/div><\/li><li \n            class=\"sr-playlist-item\" \n            data-audiopath=\"https:\/\/xtream.be\/blog\/wp-content\/uploads\/2020\/04\/03.-Perfect-Dream.mp3\"\n            data-showloading=\"1\"\n            data-albumTitle=\"Xtream\"\n            data-albumArt=\"https:\/\/xtream.be\/blog\/wp-content\/uploads\/2020\/05\/Xtream-Front-300dpi.jpg\"\n            data-releasedate=\"by Fabrice Deshayes\"\n            data-date=\"2020\/05\/08\"\n            data-date-formated=\"8 mai 2020\"\n            data-show-date=\"\"\n            data-trackTitle=\"Perfect Dream\"\n            data-artist=\"Fabrice Deshayes aka Xtream\"\n            data-trackID=\"1019\"\n            data-trackTime=\"4:09\"\n            data-relatedTrack=\"\"\n            data-post-url=\"\"\n            data-post-id=\"1241\"\n            data-track-pos=\"2\"\n            data-peakFile=\"https:\/\/xtream.be\/blog\/wp-content\/uploads\/audio_peaks\/1019.peak\"\n            data-peakFile-allow=\"1\"\n            data-is-preview=\"\"\n            data-track-lyric=\"\" data-icecast_json=\"\" data-icecast_mount=\"\"><div class=\"sr-playlist-item-flex\"><span class=\"store-list\"><\/span><\/div><div class=\"srp_track_description\"><\/div><\/li><li \n            class=\"sr-playlist-item\" \n            data-audiopath=\"https:\/\/xtream.be\/blog\/wp-content\/uploads\/2020\/04\/04.-Simplicity.mp3\"\n            data-showloading=\"1\"\n            data-albumTitle=\"Xtream\"\n            data-albumArt=\"https:\/\/xtream.be\/blog\/wp-content\/uploads\/2020\/05\/Xtream-Front-300dpi.jpg\"\n            data-releasedate=\"by Fabrice Deshayes\"\n            data-date=\"2020\/05\/08\"\n            data-date-formated=\"8 mai 2020\"\n            data-show-date=\"\"\n            data-trackTitle=\"Simplicity\"\n            data-artist=\"Fabrice Deshayes aka Xtream\"\n            data-trackID=\"1022\"\n            data-trackTime=\"3:54\"\n            data-relatedTrack=\"\"\n            data-post-url=\"\"\n            data-post-id=\"1241\"\n            data-track-pos=\"3\"\n            data-peakFile=\"https:\/\/xtream.be\/blog\/wp-content\/uploads\/audio_peaks\/1022.peak\"\n            data-peakFile-allow=\"1\"\n            data-is-preview=\"\"\n            data-track-lyric=\"\" data-icecast_json=\"\" data-icecast_mount=\"\"><div class=\"sr-playlist-item-flex\"><span class=\"store-list\"><\/span><\/div><div class=\"srp_track_description\"><\/div><\/li><li \n            class=\"sr-playlist-item\" \n            data-audiopath=\"https:\/\/xtream.be\/blog\/wp-content\/uploads\/2020\/04\/05.-Blue-Motion.mp3\"\n            data-showloading=\"1\"\n            data-albumTitle=\"Xtream\"\n            data-albumArt=\"https:\/\/xtream.be\/blog\/wp-content\/uploads\/2020\/05\/Xtream-Front-300dpi.jpg\"\n            data-releasedate=\"by Fabrice Deshayes\"\n            data-date=\"2020\/05\/08\"\n            data-date-formated=\"8 mai 2020\"\n            data-show-date=\"\"\n            data-trackTitle=\"Blue Motion (feat. Alexander Tappe)\"\n            data-artist=\"Fabrice Deshayes aka Xtream\"\n            data-trackID=\"1023\"\n            data-trackTime=\"5:31\"\n            data-relatedTrack=\"\"\n            data-post-url=\"\"\n            data-post-id=\"1241\"\n            data-track-pos=\"4\"\n            data-peakFile=\"https:\/\/xtream.be\/blog\/wp-content\/uploads\/audio_peaks\/1023.peak\"\n            data-peakFile-allow=\"1\"\n            data-is-preview=\"\"\n            data-track-lyric=\"\" data-icecast_json=\"\" data-icecast_mount=\"\"><div class=\"sr-playlist-item-flex\"><span class=\"store-list\"><\/span><\/div><div class=\"srp_track_description\"><\/div><\/li><li \n            class=\"sr-playlist-item\" \n            data-audiopath=\"https:\/\/xtream.be\/blog\/wp-content\/uploads\/2020\/04\/06.-Xtreams-Trance.mp3\"\n            data-showloading=\"1\"\n            data-albumTitle=\"Xtream\"\n            data-albumArt=\"https:\/\/xtream.be\/blog\/wp-content\/uploads\/2020\/05\/Xtream-Front-300dpi.jpg\"\n            data-releasedate=\"by Fabrice Deshayes\"\n            data-date=\"2020\/05\/08\"\n            data-date-formated=\"8 mai 2020\"\n            data-show-date=\"\"\n            data-trackTitle=\"Xtream\u2019s Trance\"\n            data-artist=\"Fabrice Deshayes aka Xtream\"\n            data-trackID=\"1025\"\n            data-trackTime=\"5:22\"\n            data-relatedTrack=\"\"\n            data-post-url=\"\"\n            data-post-id=\"1241\"\n            data-track-pos=\"5\"\n            data-peakFile=\"https:\/\/xtream.be\/blog\/wp-content\/uploads\/audio_peaks\/1025.peak\"\n            data-peakFile-allow=\"1\"\n            data-is-preview=\"\"\n            data-track-lyric=\"\" data-icecast_json=\"\" data-icecast_mount=\"\"><div class=\"sr-playlist-item-flex\"><span class=\"store-list\"><\/span><\/div><div class=\"srp_track_description\"><\/div><\/li><li \n            class=\"sr-playlist-item\" \n            data-audiopath=\"https:\/\/xtream.be\/blog\/wp-content\/uploads\/2020\/04\/07.-Dreamland.mp3\"\n            data-showloading=\"1\"\n            data-albumTitle=\"Xtream\"\n            data-albumArt=\"https:\/\/xtream.be\/blog\/wp-content\/uploads\/2020\/05\/Xtream-Front-300dpi.jpg\"\n            data-releasedate=\"by Fabrice Deshayes\"\n            data-date=\"2020\/05\/08\"\n            data-date-formated=\"8 mai 2020\"\n            data-show-date=\"\"\n            data-trackTitle=\"Dreamland\"\n            data-artist=\"Fabrice Deshayes aka Xtream\"\n            data-trackID=\"1026\"\n            data-trackTime=\"3:51\"\n            data-relatedTrack=\"\"\n            data-post-url=\"\"\n            data-post-id=\"1241\"\n            data-track-pos=\"6\"\n            data-peakFile=\"https:\/\/xtream.be\/blog\/wp-content\/uploads\/audio_peaks\/1026.peak\"\n            data-peakFile-allow=\"1\"\n            data-is-preview=\"\"\n            data-track-lyric=\"\" data-icecast_json=\"\" data-icecast_mount=\"\"><div class=\"sr-playlist-item-flex\"><span class=\"store-list\"><\/span><\/div><div class=\"srp_track_description\"><\/div><\/li><li \n            class=\"sr-playlist-item\" \n            data-audiopath=\"https:\/\/xtream.be\/blog\/wp-content\/uploads\/2020\/04\/08.-Tunnel-Of-Love.mp3\"\n            data-showloading=\"1\"\n            data-albumTitle=\"Xtream\"\n            data-albumArt=\"https:\/\/xtream.be\/blog\/wp-content\/uploads\/2020\/05\/Xtream-Front-300dpi.jpg\"\n            data-releasedate=\"by Fabrice Deshayes\"\n            data-date=\"2020\/05\/08\"\n            data-date-formated=\"8 mai 2020\"\n            data-show-date=\"\"\n            data-trackTitle=\"Tunnel of Love\"\n            data-artist=\"Fabrice Deshayes aka Xtream\"\n            data-trackID=\"1029\"\n            data-trackTime=\"3:51\"\n            data-relatedTrack=\"\"\n            data-post-url=\"\"\n            data-post-id=\"1241\"\n            data-track-pos=\"7\"\n            data-peakFile=\"https:\/\/xtream.be\/blog\/wp-content\/uploads\/audio_peaks\/1029.peak\"\n            data-peakFile-allow=\"1\"\n            data-is-preview=\"\"\n            data-track-lyric=\"\" data-icecast_json=\"\" data-icecast_mount=\"\"><div class=\"sr-playlist-item-flex\"><span class=\"store-list\"><\/span><\/div><div class=\"srp_track_description\"><\/div><\/li><li \n            class=\"sr-playlist-item\" \n            data-audiopath=\"https:\/\/xtream.be\/blog\/wp-content\/uploads\/2020\/04\/09.-Alpha-One.mp3\"\n            data-showloading=\"1\"\n            data-albumTitle=\"Xtream\"\n            data-albumArt=\"https:\/\/xtream.be\/blog\/wp-content\/uploads\/2020\/05\/Xtream-Front-300dpi.jpg\"\n            data-releasedate=\"by Fabrice Deshayes\"\n            data-date=\"2020\/05\/08\"\n            data-date-formated=\"8 mai 2020\"\n            data-show-date=\"\"\n            data-trackTitle=\"Alpha One\"\n            data-artist=\"Fabrice Deshayes aka Xtream\"\n            data-trackID=\"1030\"\n            data-trackTime=\"3:45\"\n            data-relatedTrack=\"\"\n            data-post-url=\"\"\n            data-post-id=\"1241\"\n            data-track-pos=\"8\"\n            data-peakFile=\"https:\/\/xtream.be\/blog\/wp-content\/uploads\/audio_peaks\/1030.peak\"\n            data-peakFile-allow=\"1\"\n            data-is-preview=\"\"\n            data-track-lyric=\"\" data-icecast_json=\"\" data-icecast_mount=\"\"><div class=\"sr-playlist-item-flex\"><span class=\"store-list\"><\/span><\/div><div class=\"srp_track_description\"><\/div><\/li><li \n            class=\"sr-playlist-item\" \n            data-audiopath=\"https:\/\/xtream.be\/blog\/wp-content\/uploads\/2020\/04\/10.-X-Dream.mp3\"\n            data-showloading=\"1\"\n            data-albumTitle=\"Xtream\"\n            data-albumArt=\"https:\/\/xtream.be\/blog\/wp-content\/uploads\/2020\/05\/Xtream-Front-300dpi.jpg\"\n            data-releasedate=\"by Fabrice Deshayes\"\n            data-date=\"2020\/05\/08\"\n            data-date-formated=\"8 mai 2020\"\n            data-show-date=\"\"\n            data-trackTitle=\"X-Dream\"\n            data-artist=\"Fabrice Deshayes aka Xtream\"\n            data-trackID=\"1032\"\n            data-trackTime=\"5:21\"\n            data-relatedTrack=\"\"\n            data-post-url=\"\"\n            data-post-id=\"1241\"\n            data-track-pos=\"9\"\n            data-peakFile=\"https:\/\/xtream.be\/blog\/wp-content\/uploads\/audio_peaks\/1032.peak\"\n            data-peakFile-allow=\"1\"\n            data-is-preview=\"\"\n            data-track-lyric=\"\" data-icecast_json=\"\" data-icecast_mount=\"\"><div class=\"sr-playlist-item-flex\"><span class=\"store-list\"><\/span><\/div><div class=\"srp_track_description\"><\/div><\/li><li \n            class=\"sr-playlist-item\" \n            data-audiopath=\"https:\/\/xtream.be\/blog\/wp-content\/uploads\/2020\/04\/11.-Angels-Wings.mp3\"\n            data-showloading=\"1\"\n            data-albumTitle=\"Xtream\"\n            data-albumArt=\"https:\/\/xtream.be\/blog\/wp-content\/uploads\/2020\/05\/Xtream-Front-300dpi.jpg\"\n            data-releasedate=\"by Fabrice Deshayes\"\n            data-date=\"2020\/05\/08\"\n            data-date-formated=\"8 mai 2020\"\n            data-show-date=\"\"\n            data-trackTitle=\"Angel\u2019s Wings\"\n            data-artist=\"Fabrice Deshayes aka Xtream\"\n            data-trackID=\"1033\"\n            data-trackTime=\"4:11\"\n            data-relatedTrack=\"\"\n            data-post-url=\"\"\n            data-post-id=\"1241\"\n            data-track-pos=\"10\"\n            data-peakFile=\"https:\/\/xtream.be\/blog\/wp-content\/uploads\/audio_peaks\/1033.peak\"\n            data-peakFile-allow=\"1\"\n            data-is-preview=\"\"\n            data-track-lyric=\"\" data-icecast_json=\"\" data-icecast_mount=\"\"><div class=\"sr-playlist-item-flex\"><span class=\"store-list\"><\/span><\/div><div class=\"srp_track_description\"><\/div><\/li><li \n            class=\"sr-playlist-item\" \n            data-audiopath=\"https:\/\/xtream.be\/blog\/wp-content\/uploads\/2020\/04\/12.-M\u00e9love.mp3\"\n            data-showloading=\"1\"\n            data-albumTitle=\"Xtream\"\n            data-albumArt=\"https:\/\/xtream.be\/blog\/wp-content\/uploads\/2020\/05\/Xtream-Front-300dpi.jpg\"\n            data-releasedate=\"by Fabrice Deshayes\"\n            data-date=\"2020\/05\/08\"\n            data-date-formated=\"8 mai 2020\"\n            data-show-date=\"\"\n            data-trackTitle=\"M\u00e9love\"\n            data-artist=\"Fabrice Deshayes aka Xtream\"\n            data-trackID=\"1034\"\n            data-trackTime=\"3:45\"\n            data-relatedTrack=\"\"\n            data-post-url=\"\"\n            data-post-id=\"1241\"\n            data-track-pos=\"11\"\n            data-peakFile=\"https:\/\/xtream.be\/blog\/wp-content\/uploads\/audio_peaks\/1034.peak\"\n            data-peakFile-allow=\"1\"\n            data-is-preview=\"\"\n            data-track-lyric=\"\" data-icecast_json=\"\" data-icecast_mount=\"\"><div class=\"sr-playlist-item-flex\"><span class=\"store-list\"><\/span><\/div><div class=\"srp_track_description\"><\/div><\/li><li \n            class=\"sr-playlist-item\" \n            data-audiopath=\"https:\/\/xtream.be\/blog\/wp-content\/uploads\/2020\/04\/13.-Spring.mp3\"\n            data-showloading=\"1\"\n            data-albumTitle=\"Xtream\"\n            data-albumArt=\"https:\/\/xtream.be\/blog\/wp-content\/uploads\/2020\/05\/Xtream-Front-300dpi.jpg\"\n            data-releasedate=\"by Fabrice Deshayes\"\n            data-date=\"2020\/05\/08\"\n            data-date-formated=\"8 mai 2020\"\n            data-show-date=\"\"\n            data-trackTitle=\"Spring\"\n            data-artist=\"Fabrice Deshayes aka Xtream\"\n            data-trackID=\"1036\"\n            data-trackTime=\"3:44\"\n            data-relatedTrack=\"\"\n            data-post-url=\"\"\n            data-post-id=\"1241\"\n            data-track-pos=\"12\"\n            data-peakFile=\"https:\/\/xtream.be\/blog\/wp-content\/uploads\/audio_peaks\/1036.peak\"\n            data-peakFile-allow=\"1\"\n            data-is-preview=\"\"\n            data-track-lyric=\"\" data-icecast_json=\"\" data-icecast_mount=\"\"><div class=\"sr-playlist-item-flex\"><span class=\"store-list\"><\/span><\/div><div class=\"srp_track_description\"><\/div><\/li><li \n            class=\"sr-playlist-item\" \n            data-audiopath=\"https:\/\/xtream.be\/blog\/wp-content\/uploads\/2020\/04\/14.-Ishido.mp3\"\n            data-showloading=\"1\"\n            data-albumTitle=\"Xtream\"\n            data-albumArt=\"https:\/\/xtream.be\/blog\/wp-content\/uploads\/2020\/05\/Xtream-Front-300dpi.jpg\"\n            data-releasedate=\"by Fabrice Deshayes\"\n            data-date=\"2020\/05\/08\"\n            data-date-formated=\"8 mai 2020\"\n            data-show-date=\"\"\n            data-trackTitle=\"Ishido\"\n            data-artist=\"Fabrice Deshayes aka Xtream\"\n            data-trackID=\"1037\"\n            data-trackTime=\"3:36\"\n            data-relatedTrack=\"\"\n            data-post-url=\"\"\n            data-post-id=\"1241\"\n            data-track-pos=\"13\"\n            data-peakFile=\"https:\/\/xtream.be\/blog\/wp-content\/uploads\/audio_peaks\/1037.peak\"\n            data-peakFile-allow=\"1\"\n            data-is-preview=\"\"\n            data-track-lyric=\"\" data-icecast_json=\"\" data-icecast_mount=\"\"><div class=\"sr-playlist-item-flex\"><span class=\"store-list\"><\/span><\/div><div class=\"srp_track_description\"><\/div><\/li><li \n            class=\"sr-playlist-item\" \n            data-audiopath=\"https:\/\/xtream.be\/blog\/wp-content\/uploads\/2020\/04\/15.-TechNow.mp3\"\n            data-showloading=\"1\"\n            data-albumTitle=\"Xtream\"\n            data-albumArt=\"https:\/\/xtream.be\/blog\/wp-content\/uploads\/2020\/05\/Xtream-Front-300dpi.jpg\"\n            data-releasedate=\"by Fabrice Deshayes\"\n            data-date=\"2020\/05\/08\"\n            data-date-formated=\"8 mai 2020\"\n            data-show-date=\"\"\n            data-trackTitle=\"Technow\"\n            data-artist=\"Fabrice Deshayes aka Xtream\"\n            data-trackID=\"1038\"\n            data-trackTime=\"3:21\"\n            data-relatedTrack=\"\"\n            data-post-url=\"\"\n            data-post-id=\"1241\"\n            data-track-pos=\"14\"\n            data-peakFile=\"https:\/\/xtream.be\/blog\/wp-content\/uploads\/audio_peaks\/1038.peak\"\n            data-peakFile-allow=\"1\"\n            data-is-preview=\"\"\n            data-track-lyric=\"\" data-icecast_json=\"\" data-icecast_mount=\"\"><div class=\"sr-playlist-item-flex\"><span class=\"store-list\"><\/span><\/div><div class=\"srp_track_description\"><\/div><\/li><li \n            class=\"sr-playlist-item\" \n            data-audiopath=\"https:\/\/xtream.be\/blog\/wp-content\/uploads\/2020\/04\/16.-Polka-Time.mp3\"\n            data-showloading=\"1\"\n            data-albumTitle=\"Xtream\"\n            data-albumArt=\"https:\/\/xtream.be\/blog\/wp-content\/uploads\/2020\/05\/Xtream-Front-300dpi.jpg\"\n            data-releasedate=\"by Fabrice Deshayes\"\n            data-date=\"2020\/05\/08\"\n            data-date-formated=\"8 mai 2020\"\n            data-show-date=\"\"\n            data-trackTitle=\"Bonus Track \u2013 Polka Time\"\n            data-artist=\"Fabrice Deshayes aka Xtream\"\n            data-trackID=\"1039\"\n            data-trackTime=\"2:31\"\n            data-relatedTrack=\"\"\n            data-post-url=\"\"\n            data-post-id=\"1241\"\n            data-track-pos=\"15\"\n            data-peakFile=\"https:\/\/xtream.be\/blog\/wp-content\/uploads\/audio_peaks\/1039.peak\"\n            data-peakFile-allow=\"1\"\n            data-is-preview=\"\"\n            data-track-lyric=\"\" data-icecast_json=\"\" data-icecast_mount=\"\"><div class=\"sr-playlist-item-flex\"><span class=\"store-list\"><\/span><\/div><div class=\"srp_track_description\"><\/div><\/li><\/ul><\/div><\/div><\/div><div class=\"album-player sr_waveform_mediaElement\"><div class=\"srp_miniplayer_metas\"><div class=\" srp_meta srp_meta_0 track-title\" data-prefix=\"\" aria-label=\"Track title\"><\/div><\/div> <div class=\"player \" ><div class=\"sr_progressbar\">\n                \n            <div class=\"currentTime\">00:00<\/div>\n         \n                <div id=\"arbitrary-instance-69df5f4cedbc2-b31a2fde15-wave\" class=\"wave\" >\n                 \n        <div class=\"sonaar_fake_wave\" style=\"height:70px\"> \n            <audio src=\"\" class=\"sonaar_media_element\"><\/audio> \n            <div class=\"sonaar_wave_base\"> \n                <canvas id=\"sonaar_wave_base_canvas\" class=\"\" height=\"70\" width=\"2540\"><\/canvas> \n                <svg><\/svg> \n            <\/div> \n            <div class=\"sonaar_wave_cut\"> \n                <canvas id=\"sonaar_wave_cut_canvas\" class=\"\" height=\"70\" width=\"2540\"><\/canvas> \n                <svg><\/svg> \n            <\/div> \n        <\/div> \n                <\/div>\n                \n            <div class=\"totalTime\"><\/div>\n         \n             <\/div><div class=\"srp_main_control srp_oneColumn\"><div class=\"control\"><div role=\"button\" tabindex=\"0\" class=\"previous sricon-back\" style=\"opacity:0;\" aria-label=\"Previous Track\" title=\"\"><\/div><div role=\"button\" tabindex=\"0\" class=\"play\" style=\"opacity:0;\" aria-label=\"Play\" title=\"\">\n                <i class=\"sricon-play\"><\/i>\n            <\/div><div role=\"button\" tabindex=\"0\" class=\"next sricon-forward\" style=\"opacity:0;\" aria-label=\"Next Track\" title=\"\"><\/div><\/div><div class=\"control\"><\/div><\/div><\/div><\/div><div class=\"album-store\"><\/div><\/div><script id=\"srp_js_params_69df5f4cedbc2\">\n        var srp_player_params_69df5f4cedbc2 = {\"title\":\"\",\"store_title_text\":\"\",\"albums\":\"1241\",\"hide_artwork\":false,\"sticky_player\":0,\"show_album_market\":0,\"show_track_market\":0,\"hide_timeline\":0,\"show_playlist\":\"true\",\"orderby\":\"date\",\"order\":\"DESC\",\"use_play_label_with_icon\":\"false\",\"main_settings\":\"||\"} \n        var srp_player_params_args_69df5f4cedbc2 = {\"before_widget\":\"<article id=\\\"arbitrary-instance-69df5f4cedbc2\\\" class=\\\"iron_widget_radio playlist_enabled\\\">\",\"after_widget\":\"<\\\/article>\",\"before_title\":\"<span class='heading-t3'><\\\/span><h3 class=\\\"widgettitle\\\">\",\"after_title\":\"<\\\/h3>\",\"widget_id\":\"arbitrary-instance-69df5f4cedbc2\"}  \n        <\/script><script>if(typeof setIronAudioplayers !== \"undefined\"){ setIronAudioplayers(\"arbitrary-instance-69df5f4cedbc2\"); }<\/script><\/article>\n","protected":false},"excerpt":{"rendered":"<div class=\"entry-summary\">\nJ&rsquo;ai sorti en 1998 un premier album regroupant quelques titres compos\u00e9s entre&hellip;\n<\/div>\n<div class=\"link-more\"><a href=\"https:\/\/xtream.be\/blog\/album-xtream-juin-1998\/\" class=\"more-link\">Continue reading<span class=\"screen-reader-text\"> &ldquo;Album : &lsquo;Xtream&rsquo; \u00a9 juin 1998&rdquo;<\/span>&hellip;<\/a><\/div>\n","protected":false},"author":1,"featured_media":0,"parent":0,"menu_order":0,"comment_status":"closed","ping_status":"closed","template":"page-template\/_fullwidth.php","meta":{"footnotes":""},"class_list":["post-200","page","type-page","status-publish","hentry","entry"],"_links":{"self":[{"href":"https:\/\/xtream.be\/blog\/wp-json\/wp\/v2\/pages\/200","targetHints":{"allow":["GET"]}}],"collection":[{"href":"https:\/\/xtream.be\/blog\/wp-json\/wp\/v2\/pages"}],"about":[{"href":"https:\/\/xtream.be\/blog\/wp-json\/wp\/v2\/types\/page"}],"author":[{"embeddable":true,"href":"https:\/\/xtream.be\/blog\/wp-json\/wp\/v2\/users\/1"}],"replies":[{"embeddable":true,"href":"https:\/\/xtream.be\/blog\/wp-json\/wp\/v2\/comments?post=200"}],"version-history":[{"count":44,"href":"https:\/\/xtream.be\/blog\/wp-json\/wp\/v2\/pages\/200\/revisions"}],"predecessor-version":[{"id":1255,"href":"https:\/\/xtream.be\/blog\/wp-json\/wp\/v2\/pages\/200\/revisions\/1255"}],"wp:attachment":[{"href":"https:\/\/xtream.be\/blog\/wp-json\/wp\/v2\/media?parent=200"}],"curies":[{"name":"wp","href":"https:\/\/api.w.org\/{rel}","templated":true}]}}