{"id":203,"date":"2000-12-01T00:10:35","date_gmt":"2000-11-30T23:10:35","guid":{"rendered":"http:\/\/xtream.be\/blog\/?page_id=203"},"modified":"2020-05-08T12:17:01","modified_gmt":"2020-05-08T10:17:01","slug":"album-independant-decembre-2000","status":"publish","type":"page","link":"https:\/\/xtream.be\/blog\/album-independant-decembre-2000\/","title":{"rendered":"Album : &lsquo;Independant&rsquo; \u00a9 d\u00e9cembre 2000"},"content":{"rendered":"\n<div class=\"wp-block-columns is-layout-flex wp-container-core-columns-is-layout-9d6595d7 wp-block-columns-is-layout-flex\">\n<div class=\"wp-block-column is-layout-flow wp-block-column-is-layout-flow\">\n<p>Apr\u00e8s deux ans de dur labeur, mon nouvel album est enfin l\u00e0\u2026 et quel album !!! Un cd-audio qui est \u00e9galement un cd rom compatible pc et mac, une jaquette de niveau professionnelle r\u00e9alis\u00e9e gr\u00e2ce \u00e0 un ami photographe, l&rsquo;apparition non plus seulement de musiques mais aussi de chansons, un tube de mon groupe pop\/Rock \u00ab\u00a0Elixir\u00a0\u00bb pour agr\u00e9menter le tout et tout \u00e7a, rien que pour VOUS !<\/p>\n\n\n\n<p>J&rsquo;ai sorti une version CD \u00ab\u00a0auto produite\u00a0\u00bb avec un tirage num\u00e9rot\u00e9 et limit\u00e9 \u00e0 50 exemplaires.<\/p>\n\n\n\n<p>ps : La piste 1 est une piste de data qui pr\u00e9sente une interface interactive pour l&rsquo;\u00e9coute des musiques, accompagn\u00e9es d&rsquo;animations, de textes et de photos illustratives. Un ex\u00e9cutable et disponible pour PC, tandis qu&rsquo;une version shockwave HTML est pr\u00e9sente pour les plateformes non Windows.<\/p>\n\n\n\n<p>La bonus track est une musique compos\u00e9e pour le spectacle de No\u00ebl de l&rsquo;\u00e9cole maternelle de Talmontiers (sur des paroles impos\u00e9es).<\/p>\n\n\n\n<div class=\"wp-block-image\"><figure class=\"aligncenter size-large\"><img loading=\"lazy\" decoding=\"async\" width=\"1024\" height=\"799\" src=\"https:\/\/xtream.be\/blog\/wp-content\/uploads\/2020\/05\/image-1024x799.png\" alt=\"\" class=\"wp-image-1266\" srcset=\"https:\/\/xtream.be\/blog\/wp-content\/uploads\/2020\/05\/image-1024x799.png 1024w, https:\/\/xtream.be\/blog\/wp-content\/uploads\/2020\/05\/image-300x234.png 300w, https:\/\/xtream.be\/blog\/wp-content\/uploads\/2020\/05\/image-768x599.png 768w, https:\/\/xtream.be\/blog\/wp-content\/uploads\/2020\/05\/image-1536x1198.png 1536w, https:\/\/xtream.be\/blog\/wp-content\/uploads\/2020\/05\/image.png 1772w\" sizes=\"auto, (max-width: 1024px) 100vw, 1024px\" \/><figcaption>pochette arri\u00e8re de l&rsquo;album<\/figcaption><\/figure><\/div>\n<\/div>\n\n\n\n<div class=\"wp-block-column is-layout-flow wp-block-column-is-layout-flow\">\n<div class=\"wp-block-image\"><figure class=\"aligncenter size-large\"><img loading=\"lazy\" decoding=\"async\" width=\"1024\" height=\"1016\" src=\"https:\/\/xtream.be\/blog\/wp-content\/uploads\/2020\/05\/Independant-Back-300dpi-1024x1016.jpg\" alt=\"\" class=\"wp-image-1262\" srcset=\"https:\/\/xtream.be\/blog\/wp-content\/uploads\/2020\/05\/Independant-Back-300dpi-1024x1016.jpg 1024w, https:\/\/xtream.be\/blog\/wp-content\/uploads\/2020\/05\/Independant-Back-300dpi-300x298.jpg 300w, https:\/\/xtream.be\/blog\/wp-content\/uploads\/2020\/05\/Independant-Back-300dpi-150x150.jpg 150w, https:\/\/xtream.be\/blog\/wp-content\/uploads\/2020\/05\/Independant-Back-300dpi-768x762.jpg 768w, https:\/\/xtream.be\/blog\/wp-content\/uploads\/2020\/05\/Independant-Back-300dpi.jpg 1417w\" sizes=\"auto, (max-width: 1024px) 100vw, 1024px\" \/><figcaption>encart int\u00e9rieur de l&rsquo;album<\/figcaption><\/figure><\/div>\n<\/div>\n<\/div>\n\n\n<article id=\"arbitrary-instance-69e053843b977\" class=\"iron_widget_radio playlist_enabled\"><div class=\"iron-audioplayer  show-playlist playlist_has_no_ctas skin_floated\" id=\"arbitrary-instance-69e053843b977-52cf7541b3\" data-id=\"arbitrary-instance-69e053843b977\" data-track-sw-cursor=\"\" data-lazyload=\"\" data-albums=\"1256\" data-category=\"\" data-url-playlist=\"https:\/\/xtream.be\/blog\/?load=playlist.json&#038;title=&#038;albums=1256&#038;category=&#038;posts_not_in=&#038;category_not_in=&#038;author=&#038;feed_title=&#038;feed=&#038;feed_img=&#038;el_widget_id=&#038;artwork=&#038;posts_per_pages=-1&#038;all_category=&#038;single_playlist=&#038;reverse_tracklist=&#038;audio_meta_field=&#038;repeater_meta_field=&#038;import_file=&#038;rss_items=-1&#038;rss_item_title=&#038;is_favorite=&#038;is_recentlyplayed=&#038;srp_order=date_DESC\" data-sticky-player=\"0\" data-shuffle=\"false\" data-playlist_title=\"\" data-scrollbar=\"\" data-wave-color=\"\" data-wave-progress-color=\"\" data-spectro=\"\" data-no-wave=\"0\" data-hide-progressbar=\"\" data-progress-bar-style=\"\"data-feedurl=\"0\" data-notrackskip=\"\" data-no-loop-tracklist=\"\" data-playertemplate =\"skin_float_tracklist\" data-hide-artwork =\"\" data-speedrate=\"1\"  data-tracks-per-page=\"\" data-pagination_scroll_offset=\"\" data-adaptive-colors=\"\" data-adaptive-colors-freeze=\"\" style=\"opacity:0;\"><div class=\"sonaar-grid\" ><div class=\"sonaar-Artwort-box \">\n                <div class=\"control\">\n                    \n                <\/div>\n                <div class=\"album\">\n                    <div class=\"album-art\">\n                        <img alt=\"album-art\">\n                    <\/div>\n                <\/div>\n                <\/div><div class=\"playlist sr_waveform_mediaElement\"  id=\"playlist_arbitrary-instance-69e053843b977\"><h3 class=\"sr_it-playlist-title\"><\/h3><div class=\"srp_subtitle\">by Fabrice Deshayes<\/div><div class=\"srp_tracklist\"><ul class=\"srp_list\"><li \n            class=\"sr-playlist-item\" \n            data-audiopath=\"https:\/\/xtream.be\/blog\/wp-content\/uploads\/2020\/04\/02.-Intro-Macross-Plus-Remix.mp3\"\n            data-showloading=\"1\"\n            data-albumTitle=\"Independant\"\n            data-albumArt=\"https:\/\/xtream.be\/blog\/wp-content\/uploads\/2020\/05\/Independant-Front-300dpi.jpg\"\n            data-releasedate=\"by Fabrice Deshayes\"\n            data-date=\"2020\/05\/08\"\n            data-date-formated=\"8 mai 2020\"\n            data-show-date=\"\"\n            data-trackTitle=\"Intro (Macross Plus Remix)\"\n            data-artist=\"Fabrice Deshayes aka Xtream\"\n            data-trackID=\"1057\"\n            data-trackTime=\"0:33\"\n            data-relatedTrack=\"\"\n            data-post-url=\"\"\n            data-post-id=\"1256\"\n            data-track-pos=\"0\"\n            data-peakFile=\"https:\/\/xtream.be\/blog\/wp-content\/uploads\/audio_peaks\/1057.peak\"\n            data-peakFile-allow=\"1\"\n            data-is-preview=\"\"\n            data-track-lyric=\"\" data-icecast_json=\"\" data-icecast_mount=\"\"><div class=\"sr-playlist-item-flex\"><span class=\"store-list\"><\/span><\/div><div class=\"srp_track_description\"><\/div><\/li><li \n            class=\"sr-playlist-item\" \n            data-audiopath=\"https:\/\/xtream.be\/blog\/wp-content\/uploads\/2020\/04\/03.-Independant.mp3\"\n            data-showloading=\"1\"\n            data-albumTitle=\"Independant\"\n            data-albumArt=\"https:\/\/xtream.be\/blog\/wp-content\/uploads\/2020\/05\/Independant-Front-300dpi.jpg\"\n            data-releasedate=\"by Fabrice Deshayes\"\n            data-date=\"2020\/05\/08\"\n            data-date-formated=\"8 mai 2020\"\n            data-show-date=\"\"\n            data-trackTitle=\"Independant (feat A. Tappe)\"\n            data-artist=\"Fabrice Deshayes aka Xtream\"\n            data-trackID=\"1060\"\n            data-trackTime=\"4:50\"\n            data-relatedTrack=\"\"\n            data-post-url=\"\"\n            data-post-id=\"1256\"\n            data-track-pos=\"1\"\n            data-peakFile=\"https:\/\/xtream.be\/blog\/wp-content\/uploads\/audio_peaks\/1060.peak\"\n            data-peakFile-allow=\"1\"\n            data-is-preview=\"\"\n            data-track-lyric=\"\" data-icecast_json=\"\" data-icecast_mount=\"\"><div class=\"sr-playlist-item-flex\"><span class=\"store-list\"><\/span><\/div><div class=\"srp_track_description\"><\/div><\/li><li \n            class=\"sr-playlist-item\" \n            data-audiopath=\"https:\/\/xtream.be\/blog\/wp-content\/uploads\/2020\/04\/04.-Devotion.mp3\"\n            data-showloading=\"1\"\n            data-albumTitle=\"Independant\"\n            data-albumArt=\"https:\/\/xtream.be\/blog\/wp-content\/uploads\/2020\/05\/Independant-Front-300dpi.jpg\"\n            data-releasedate=\"by Fabrice Deshayes\"\n            data-date=\"2020\/05\/08\"\n            data-date-formated=\"8 mai 2020\"\n            data-show-date=\"\"\n            data-trackTitle=\"Devotion\"\n            data-artist=\"Fabrice Deshayes aka Xtream\"\n            data-trackID=\"1062\"\n            data-trackTime=\"3:15\"\n            data-relatedTrack=\"\"\n            data-post-url=\"\"\n            data-post-id=\"1256\"\n            data-track-pos=\"2\"\n            data-peakFile=\"https:\/\/xtream.be\/blog\/wp-content\/uploads\/audio_peaks\/1062.peak\"\n            data-peakFile-allow=\"1\"\n            data-is-preview=\"\"\n            data-track-lyric=\"\" data-icecast_json=\"\" data-icecast_mount=\"\"><div class=\"sr-playlist-item-flex\"><span class=\"store-list\"><\/span><\/div><div class=\"srp_track_description\"><\/div><\/li><li \n            class=\"sr-playlist-item\" \n            data-audiopath=\"https:\/\/xtream.be\/blog\/wp-content\/uploads\/2020\/04\/05.-Super-Cars-II-Remix.mp3\"\n            data-showloading=\"1\"\n            data-albumTitle=\"Independant\"\n            data-albumArt=\"https:\/\/xtream.be\/blog\/wp-content\/uploads\/2020\/05\/Independant-Front-300dpi.jpg\"\n            data-releasedate=\"by Fabrice Deshayes\"\n            data-date=\"2020\/05\/08\"\n            data-date-formated=\"8 mai 2020\"\n            data-show-date=\"\"\n            data-trackTitle=\"Super Cars II Remix\"\n            data-artist=\"Fabrice Deshayes aka Xtream\"\n            data-trackID=\"1064\"\n            data-trackTime=\"3:34\"\n            data-relatedTrack=\"\"\n            data-post-url=\"\"\n            data-post-id=\"1256\"\n            data-track-pos=\"3\"\n            data-peakFile=\"https:\/\/xtream.be\/blog\/wp-content\/uploads\/audio_peaks\/1064.peak\"\n            data-peakFile-allow=\"1\"\n            data-is-preview=\"\"\n            data-track-lyric=\"\" data-icecast_json=\"\" data-icecast_mount=\"\"><div class=\"sr-playlist-item-flex\"><span class=\"store-list\"><\/span><\/div><div class=\"srp_track_description\"><\/div><\/li><li \n            class=\"sr-playlist-item\" \n            data-audiopath=\"https:\/\/xtream.be\/blog\/wp-content\/uploads\/2020\/04\/06.-Interm\u00e8de.mp3\"\n            data-showloading=\"1\"\n            data-albumTitle=\"Independant\"\n            data-albumArt=\"https:\/\/xtream.be\/blog\/wp-content\/uploads\/2020\/05\/Independant-Front-300dpi.jpg\"\n            data-releasedate=\"by Fabrice Deshayes\"\n            data-date=\"2020\/05\/08\"\n            data-date-formated=\"8 mai 2020\"\n            data-show-date=\"\"\n            data-trackTitle=\"Interm\u00e8de\"\n            data-artist=\"Fabrice Deshayes aka Xtream\"\n            data-trackID=\"1065\"\n            data-trackTime=\"1:43\"\n            data-relatedTrack=\"\"\n            data-post-url=\"\"\n            data-post-id=\"1256\"\n            data-track-pos=\"4\"\n            data-peakFile=\"https:\/\/xtream.be\/blog\/wp-content\/uploads\/audio_peaks\/1065.peak\"\n            data-peakFile-allow=\"1\"\n            data-is-preview=\"\"\n            data-track-lyric=\"\" data-icecast_json=\"\" data-icecast_mount=\"\"><div class=\"sr-playlist-item-flex\"><span class=\"store-list\"><\/span><\/div><div class=\"srp_track_description\"><\/div><\/li><li \n            class=\"sr-playlist-item\" \n            data-audiopath=\"https:\/\/xtream.be\/blog\/wp-content\/uploads\/2020\/04\/07.-Concessions-Elixir.mp3\"\n            data-showloading=\"1\"\n            data-albumTitle=\"Independant\"\n            data-albumArt=\"https:\/\/xtream.be\/blog\/wp-content\/uploads\/2020\/05\/Independant-Front-300dpi.jpg\"\n            data-releasedate=\"by Fabrice Deshayes\"\n            data-date=\"2020\/05\/08\"\n            data-date-formated=\"8 mai 2020\"\n            data-show-date=\"\"\n            data-trackTitle=\"Concessions (Elixir)\"\n            data-artist=\"Fabrice Deshayes aka Xtream\"\n            data-trackID=\"1067\"\n            data-trackTime=\"4:15\"\n            data-relatedTrack=\"\"\n            data-post-url=\"\"\n            data-post-id=\"1256\"\n            data-track-pos=\"5\"\n            data-peakFile=\"https:\/\/xtream.be\/blog\/wp-content\/uploads\/audio_peaks\/1067.peak\"\n            data-peakFile-allow=\"1\"\n            data-is-preview=\"\"\n            data-track-lyric=\"\" data-icecast_json=\"\" data-icecast_mount=\"\"><div class=\"sr-playlist-item-flex\"><span class=\"store-list\"><\/span><\/div><div class=\"srp_track_description\"><\/div><\/li><li \n            class=\"sr-playlist-item\" \n            data-audiopath=\"https:\/\/xtream.be\/blog\/wp-content\/uploads\/2020\/04\/08.-Si-Je-Te-Perds.mp3\"\n            data-showloading=\"1\"\n            data-albumTitle=\"Independant\"\n            data-albumArt=\"https:\/\/xtream.be\/blog\/wp-content\/uploads\/2020\/05\/Independant-Front-300dpi.jpg\"\n            data-releasedate=\"by Fabrice Deshayes\"\n            data-date=\"2020\/05\/08\"\n            data-date-formated=\"8 mai 2020\"\n            data-show-date=\"\"\n            data-trackTitle=\"Si Je Te Perds\"\n            data-artist=\"Fabrice Deshayes aka Xtream\"\n            data-trackID=\"1068\"\n            data-trackTime=\"3:41\"\n            data-relatedTrack=\"\"\n            data-post-url=\"\"\n            data-post-id=\"1256\"\n            data-track-pos=\"6\"\n            data-peakFile=\"https:\/\/xtream.be\/blog\/wp-content\/uploads\/audio_peaks\/1068.peak\"\n            data-peakFile-allow=\"1\"\n            data-is-preview=\"\"\n            data-track-lyric=\"\" data-icecast_json=\"\" data-icecast_mount=\"\"><div class=\"sr-playlist-item-flex\"><span class=\"store-list\"><\/span><\/div><div class=\"srp_track_description\"><\/div><\/li><li \n            class=\"sr-playlist-item\" \n            data-audiopath=\"https:\/\/xtream.be\/blog\/wp-content\/uploads\/2020\/04\/09.-Mr.-P.mp3\"\n            data-showloading=\"1\"\n            data-albumTitle=\"Independant\"\n            data-albumArt=\"https:\/\/xtream.be\/blog\/wp-content\/uploads\/2020\/05\/Independant-Front-300dpi.jpg\"\n            data-releasedate=\"by Fabrice Deshayes\"\n            data-date=\"2020\/05\/08\"\n            data-date-formated=\"8 mai 2020\"\n            data-show-date=\"\"\n            data-trackTitle=\"Mr. P\"\n            data-artist=\"Fabrice Deshayes aka Xtream\"\n            data-trackID=\"1069\"\n            data-trackTime=\"2:30\"\n            data-relatedTrack=\"\"\n            data-post-url=\"\"\n            data-post-id=\"1256\"\n            data-track-pos=\"7\"\n            data-peakFile=\"https:\/\/xtream.be\/blog\/wp-content\/uploads\/audio_peaks\/1069.peak\"\n            data-peakFile-allow=\"1\"\n            data-is-preview=\"\"\n            data-track-lyric=\"\" data-icecast_json=\"\" data-icecast_mount=\"\"><div class=\"sr-playlist-item-flex\"><span class=\"store-list\"><\/span><\/div><div class=\"srp_track_description\"><\/div><\/li><li \n            class=\"sr-playlist-item\" \n            data-audiopath=\"https:\/\/xtream.be\/blog\/wp-content\/uploads\/2020\/04\/10.-Birds-Heaven.mp3\"\n            data-showloading=\"1\"\n            data-albumTitle=\"Independant\"\n            data-albumArt=\"https:\/\/xtream.be\/blog\/wp-content\/uploads\/2020\/05\/Independant-Front-300dpi.jpg\"\n            data-releasedate=\"by Fabrice Deshayes\"\n            data-date=\"2020\/05\/08\"\n            data-date-formated=\"8 mai 2020\"\n            data-show-date=\"\"\n            data-trackTitle=\"Birds\u2019 Heaven\"\n            data-artist=\"Fabrice Deshayes aka Xtream\"\n            data-trackID=\"1070\"\n            data-trackTime=\"5:55\"\n            data-relatedTrack=\"\"\n            data-post-url=\"\"\n            data-post-id=\"1256\"\n            data-track-pos=\"8\"\n            data-peakFile=\"https:\/\/xtream.be\/blog\/wp-content\/uploads\/audio_peaks\/1070.peak\"\n            data-peakFile-allow=\"1\"\n            data-is-preview=\"\"\n            data-track-lyric=\"\" data-icecast_json=\"\" data-icecast_mount=\"\"><div class=\"sr-playlist-item-flex\"><span class=\"store-list\"><\/span><\/div><div class=\"srp_track_description\"><\/div><\/li><li \n            class=\"sr-playlist-item\" \n            data-audiopath=\"https:\/\/xtream.be\/blog\/wp-content\/uploads\/2020\/04\/11.-X-Dream-Mill\u00e9nium-Version.mp3\"\n            data-showloading=\"1\"\n            data-albumTitle=\"Independant\"\n            data-albumArt=\"https:\/\/xtream.be\/blog\/wp-content\/uploads\/2020\/05\/Independant-Front-300dpi.jpg\"\n            data-releasedate=\"by Fabrice Deshayes\"\n            data-date=\"2020\/05\/08\"\n            data-date-formated=\"8 mai 2020\"\n            data-show-date=\"\"\n            data-trackTitle=\"X-Dream (Mill\u00e9nium Version)\"\n            data-artist=\"Fabrice Deshayes aka Xtream\"\n            data-trackID=\"1071\"\n            data-trackTime=\"3:53\"\n            data-relatedTrack=\"\"\n            data-post-url=\"\"\n            data-post-id=\"1256\"\n            data-track-pos=\"9\"\n            data-peakFile=\"https:\/\/xtream.be\/blog\/wp-content\/uploads\/audio_peaks\/1071.peak\"\n            data-peakFile-allow=\"1\"\n            data-is-preview=\"\"\n            data-track-lyric=\"\" data-icecast_json=\"\" data-icecast_mount=\"\"><div class=\"sr-playlist-item-flex\"><span class=\"store-list\"><\/span><\/div><div class=\"srp_track_description\"><\/div><\/li><li \n            class=\"sr-playlist-item\" \n            data-audiopath=\"https:\/\/xtream.be\/blog\/wp-content\/uploads\/2020\/04\/12.-M\u00e9lancolie.mp3\"\n            data-showloading=\"1\"\n            data-albumTitle=\"Independant\"\n            data-albumArt=\"https:\/\/xtream.be\/blog\/wp-content\/uploads\/2020\/05\/Independant-Front-300dpi.jpg\"\n            data-releasedate=\"by Fabrice Deshayes\"\n            data-date=\"2020\/05\/08\"\n            data-date-formated=\"8 mai 2020\"\n            data-show-date=\"\"\n            data-trackTitle=\"M\u00e9lancolie\"\n            data-artist=\"Fabrice Deshayes aka Xtream\"\n            data-trackID=\"1072\"\n            data-trackTime=\"3:02\"\n            data-relatedTrack=\"\"\n            data-post-url=\"\"\n            data-post-id=\"1256\"\n            data-track-pos=\"10\"\n            data-peakFile=\"https:\/\/xtream.be\/blog\/wp-content\/uploads\/audio_peaks\/1072.peak\"\n            data-peakFile-allow=\"1\"\n            data-is-preview=\"\"\n            data-track-lyric=\"\" data-icecast_json=\"\" data-icecast_mount=\"\"><div class=\"sr-playlist-item-flex\"><span class=\"store-list\"><\/span><\/div><div class=\"srp_track_description\"><\/div><\/li><li \n            class=\"sr-playlist-item\" \n            data-audiopath=\"https:\/\/xtream.be\/blog\/wp-content\/uploads\/2020\/04\/13.-Bonus-Track-Allo-P\u00e8re-No\u00eal.mp3\"\n            data-showloading=\"1\"\n            data-albumTitle=\"Independant\"\n            data-albumArt=\"https:\/\/xtream.be\/blog\/wp-content\/uploads\/2020\/05\/Independant-Front-300dpi.jpg\"\n            data-releasedate=\"by Fabrice Deshayes\"\n            data-date=\"2020\/05\/08\"\n            data-date-formated=\"8 mai 2020\"\n            data-show-date=\"\"\n            data-trackTitle=\"Bonus Track \u2013 Allo P\u00e8re No\u00eal\"\n            data-artist=\"Fabrice Deshayes aka Xtream\"\n            data-trackID=\"1073\"\n            data-trackTime=\"3:46\"\n            data-relatedTrack=\"\"\n            data-post-url=\"\"\n            data-post-id=\"1256\"\n            data-track-pos=\"11\"\n            data-peakFile=\"\"\n            data-peakFile-allow=\"1\"\n            data-is-preview=\"\"\n            data-track-lyric=\"\" data-icecast_json=\"\" data-icecast_mount=\"\"><div class=\"sr-playlist-item-flex\"><span class=\"store-list\"><\/span><\/div><div class=\"srp_track_description\"><\/div><\/li><\/ul><\/div><\/div><\/div><div class=\"album-player sr_waveform_mediaElement\"><div class=\"srp_miniplayer_metas\"><div class=\" srp_meta srp_meta_0 track-title\" data-prefix=\"\" aria-label=\"Track title\"><\/div><\/div> <div class=\"player \" ><div class=\"sr_progressbar\">\n                \n            <div class=\"currentTime\">00:00<\/div>\n         \n                <div id=\"arbitrary-instance-69e053843b977-7b88db4686-wave\" class=\"wave\" >\n                 \n        <div class=\"sonaar_fake_wave\" style=\"height:70px\"> \n            <audio src=\"\" class=\"sonaar_media_element\"><\/audio> \n            <div class=\"sonaar_wave_base\"> \n                <canvas id=\"sonaar_wave_base_canvas\" class=\"\" height=\"70\" width=\"2540\"><\/canvas> \n                <svg><\/svg> \n            <\/div> \n            <div class=\"sonaar_wave_cut\"> \n                <canvas id=\"sonaar_wave_cut_canvas\" class=\"\" height=\"70\" width=\"2540\"><\/canvas> \n                <svg><\/svg> \n            <\/div> \n        <\/div> \n                <\/div>\n                \n            <div class=\"totalTime\"><\/div>\n         \n             <\/div><div class=\"srp_main_control srp_oneColumn\"><div class=\"control\"><div role=\"button\" tabindex=\"0\" class=\"previous sricon-back\" style=\"opacity:0;\" aria-label=\"Previous Track\" title=\"\"><\/div><div role=\"button\" tabindex=\"0\" class=\"play\" style=\"opacity:0;\" aria-label=\"Play\" title=\"\">\n                <i class=\"sricon-play\"><\/i>\n            <\/div><div role=\"button\" tabindex=\"0\" class=\"next sricon-forward\" style=\"opacity:0;\" aria-label=\"Next Track\" title=\"\"><\/div><\/div><div class=\"control\"><\/div><\/div><\/div><\/div><div class=\"album-store\"><\/div><\/div><script id=\"srp_js_params_69e053843b977\">\n        var srp_player_params_69e053843b977 = {\"title\":\"\",\"store_title_text\":\"\",\"albums\":\"1256\",\"hide_artwork\":false,\"sticky_player\":0,\"show_album_market\":0,\"show_track_market\":0,\"hide_timeline\":0,\"show_playlist\":\"true\",\"orderby\":\"date\",\"order\":\"DESC\",\"use_play_label_with_icon\":\"false\",\"main_settings\":\"||\"} \n        var srp_player_params_args_69e053843b977 = {\"before_widget\":\"<article id=\\\"arbitrary-instance-69e053843b977\\\" class=\\\"iron_widget_radio playlist_enabled\\\">\",\"after_widget\":\"<\\\/article>\",\"before_title\":\"<span class='heading-t3'><\\\/span><h3 class=\\\"widgettitle\\\">\",\"after_title\":\"<\\\/h3>\",\"widget_id\":\"arbitrary-instance-69e053843b977\"}  \n        <\/script><script>if(typeof setIronAudioplayers !== \"undefined\"){ setIronAudioplayers(\"arbitrary-instance-69e053843b977\"); }<\/script><\/article>\n\n\n\n<p><\/p>\n","protected":false},"excerpt":{"rendered":"<div class=\"entry-summary\">\nApr\u00e8s deux ans de dur labeur, mon nouvel album est enfin l\u00e0\u2026&hellip;\n<\/div>\n<div class=\"link-more\"><a href=\"https:\/\/xtream.be\/blog\/album-independant-decembre-2000\/\" class=\"more-link\">Continue reading<span class=\"screen-reader-text\"> &ldquo;Album : &lsquo;Independant&rsquo; \u00a9 d\u00e9cembre 2000&rdquo;<\/span>&hellip;<\/a><\/div>\n","protected":false},"author":1,"featured_media":0,"parent":0,"menu_order":0,"comment_status":"closed","ping_status":"open","template":"page-template\/_fullwidth.php","meta":{"footnotes":""},"class_list":["post-203","page","type-page","status-publish","hentry","entry"],"_links":{"self":[{"href":"https:\/\/xtream.be\/blog\/wp-json\/wp\/v2\/pages\/203","targetHints":{"allow":["GET"]}}],"collection":[{"href":"https:\/\/xtream.be\/blog\/wp-json\/wp\/v2\/pages"}],"about":[{"href":"https:\/\/xtream.be\/blog\/wp-json\/wp\/v2\/types\/page"}],"author":[{"embeddable":true,"href":"https:\/\/xtream.be\/blog\/wp-json\/wp\/v2\/users\/1"}],"replies":[{"embeddable":true,"href":"https:\/\/xtream.be\/blog\/wp-json\/wp\/v2\/comments?post=203"}],"version-history":[{"count":29,"href":"https:\/\/xtream.be\/blog\/wp-json\/wp\/v2\/pages\/203\/revisions"}],"predecessor-version":[{"id":1268,"href":"https:\/\/xtream.be\/blog\/wp-json\/wp\/v2\/pages\/203\/revisions\/1268"}],"wp:attachment":[{"href":"https:\/\/xtream.be\/blog\/wp-json\/wp\/v2\/media?parent=203"}],"curies":[{"name":"wp","href":"https:\/\/api.w.org\/{rel}","templated":true}]}}